{"id":4278,"date":"2020-01-23T20:48:08","date_gmt":"2020-01-23T20:48:08","guid":{"rendered":"https:\/\/rhopen-training.info\/?page_id=4278"},"modified":"2020-02-11T09:54:39","modified_gmt":"2020-02-11T09:54:39","slug":"formation-placement","status":"publish","type":"page","link":"https:\/\/rhopen-training.info\/fr\/formation-placement\/","title":{"rendered":"FORMATION-PLACEMENT"},"content":{"rendered":"<div class=\"vc_row wpb_row vc_row-fluid\" ><div class=\"wpb_column vc_column_container vc_col-sm-12\"><div class=\"vc_column-inner\"><div class=\"wpb_wrapper\">\r\n\t<div  class=\"wpb_single_image wpb_content_element vc_align_center\">\r\n\t\t\r\n\t\t<figure class=\"wpb_wrapper vc_figure\">\r\n\t\t\t<div class=\"vc_single_image-wrapper vc_box_rounded  vc_box_border_grey\"><img data-vc-zoom=\"https:\/\/rhopen-training.info\/wp-content\/uploads\/2020\/02\/lec.jpg\" width=\"724\" height=\"483\" src=\"https:\/\/rhopen-training.info\/wp-content\/uploads\/2020\/02\/lec.jpg\" class=\"vc_single_image-img attachment-full\" alt=\"\" decoding=\"async\" loading=\"lazy\" srcset=\"https:\/\/rhopen-training.info\/wp-content\/uploads\/2020\/02\/lec.jpg 724w, https:\/\/rhopen-training.info\/wp-content\/uploads\/2020\/02\/lec-300x200.jpg 300w, https:\/\/rhopen-training.info\/wp-content\/uploads\/2020\/02\/lec-600x400.jpg 600w\" sizes=\"(max-width: 724px) 100vw, 724px\" \/><\/div>\r\n\t\t<\/figure>\r\n\t<\/div>\r\n<\/div><\/div><\/div><\/div><div class=\"vc_row wpb_row vc_row-fluid\" ><div class=\"wpb_column vc_column_container vc_col-sm-2\"><div class=\"vc_column-inner\"><div class=\"wpb_wrapper\"><\/div><\/div><\/div><div class=\"wpb_column vc_column_container vc_col-sm-8\"><div class=\"vc_column-inner\"><div class=\"wpb_wrapper\"><div class=\"eltdf-separator-holder clearfix  eltdf-separator-center\">\r\n\t<div class=\"eltdf-separator\" style=\"margin-top: 15px;margin-bottom: 10px\"><\/div>\r\n<\/div>\r\n<div class=\"eltdf-section-title-holder  eltdf-st-standard eltdf-st-title-left eltdf-st-normal-space\" style=\"text-align: center\">\r\n\t<div class=\"eltdf-st-inner\">\r\n\t\t\t\t\t<h4 class=\"eltdf-st-title\" >\r\n\t\t\t\tAu-del\u00e0 de la certification : notre formation en vue d\u2019un placement en entreprise\t\t\t<\/h4>\r\n\t\t\t\t\t\t\t<div class=\"eltdf-separator-holder clearfix  eltdf-separator-center\">\r\n\t<div class=\"eltdf-separator\" style=\"border-color: #ff1949;width: 38px;border-bottom-width: 3px;margin-top: 23px;margin-bottom: 9px\"><\/div>\r\n<\/div>\r\n\t\t\t\t\t<\/div>\r\n<\/div><div class=\"eltdf-separator-holder clearfix  eltdf-separator-center\">\r\n\t<div class=\"eltdf-separator\" style=\"margin-top: 15px;margin-bottom: 10px\"><\/div>\r\n<\/div>\r\n\r\n\t<div class=\"wpb_text_column wpb_content_element\" >\r\n\t\t<div class=\"wpb_wrapper\">\r\n\t\t\t<p style=\"text-align: left;\">RHOPEN est expert du placement de consultants informatiques (principalement dans les r\u00e9seaux et s\u00e9curit\u00e9 informatiques). Nos consultants \u00e9voluent au sein de grands comptes de diff\u00e9rents secteurs : Banques, T\u00e9l\u00e9coms, Industries, Cabinets de conseil\u2026 etc.<\/p>\n<p style=\"text-align: left;\">Le Programme Formation-placement de RHOPEN met en ad\u00e9quation la formation technique (et pr\u00e9paration aux certifications) et les demandes en comp\u00e9tences du march\u00e9. Notre r\u00e9seau de partenaires est une garantie pour le placement des ressources form\u00e9es au sein de ce programme.<\/p>\n<p style=\"text-align: left;\">Les m\u00e9tiers concern\u00e9s par notre formation-placement :<\/p>\n<ul>\n<li style=\"list-style-type: none;\">\n<ul>\n<li style=\"text-align: left;\">Administrateur R\u00e9seaux<\/li>\n<li style=\"text-align: left;\">Consultant Cybers\u00e9curit\u00e9<\/li>\n<li style=\"text-align: left;\">Analyste SOC<\/li>\n<li style=\"text-align: left;\">Consultant Firewall<\/li>\n<\/ul>\n<\/li>\n<\/ul>\n<p>La formation est d\u2019abord technique : transformation technologique, pr\u00e9paration \u00e0 la certification et \u00e0 l\u2019industrie informatique. Ensuite une \u00e9tape extra-technique permet d\u2019outiller le futur consultant en vue d\u2019intervenir chez nos clients.<\/p>\n<p>&nbsp;<\/p>\n<p><strong>Dur\u00e9e<\/strong> : 3 \u00e0 6 mois selon votre profil.<\/p>\n<p><strong>Profils recherch\u00e9s<\/strong> : D\u00e9butants (novices \/ junior) ou personnes exp\u00e9riment\u00e9es<\/p>\n\r\n\t\t<\/div>\r\n\t<\/div>\r\n<\/div><\/div><\/div><div class=\"wpb_column vc_column_container vc_col-sm-2\"><div class=\"vc_column-inner\"><div class=\"wpb_wrapper\"><\/div><\/div><\/div><\/div><div class=\"vc_row wpb_row vc_row-fluid\" ><div class=\"wpb_column vc_column_container vc_col-sm-3\"><div class=\"vc_column-inner\"><div class=\"wpb_wrapper\"><\/div><\/div><\/div><div class=\"wpb_column vc_column_container vc_col-sm-3\"><div class=\"vc_column-inner\"><div class=\"wpb_wrapper\"><div class=\"eltdf-separator-holder clearfix  eltdf-separator-center\">\r\n\t<div class=\"eltdf-separator\" style=\"margin-top: 15px;margin-bottom: 10px\"><\/div>\r\n<\/div>\r\n<a itemprop=\"url\" href=\"#\" target=\"_self\" style=\"color: #ffffff;background-color: #214f7f\" class=\"eltdf-btn eltdf-btn-medium eltdf-btn-solid popmake-4332 eltdf-btn-arrow\"  >\r\n    <span class=\"eltdf-btn-text\">Entreprises<\/span>\r\n    <\/a><\/div><\/div><\/div><div class=\"wpb_column vc_column_container vc_col-sm-3\"><div class=\"vc_column-inner\"><div class=\"wpb_wrapper\"><div class=\"eltdf-separator-holder clearfix  eltdf-separator-center\">\r\n\t<div class=\"eltdf-separator\" style=\"margin-top: 15px;margin-bottom: 10px\"><\/div>\r\n<\/div>\r\n<a itemprop=\"url\" href=\"#\" target=\"_self\" style=\"color: #ffffff;background-color: #214f7f\" class=\"eltdf-btn eltdf-btn-medium eltdf-btn-solid popmake-4339 eltdf-btn-arrow\"  >\r\n    <span class=\"eltdf-btn-text\">Candidats<\/span>\r\n    <\/a><\/div><\/div><\/div><div class=\"wpb_column vc_column_container vc_col-sm-3\"><div class=\"vc_column-inner\"><div class=\"wpb_wrapper\"><\/div><\/div><\/div><\/div>","protected":false},"excerpt":{"rendered":"Au-del\u00e0 de la certification : notre formation en vue d\u2019un placement en entreprise RHOPEN est expert du placement de consultants informatiques (principalement dans les r\u00e9seaux et s\u00e9curit\u00e9 informatiques). Nos consultants \u00e9voluent au sein de grands comptes de diff\u00e9rents secteurs : Banques, T\u00e9l\u00e9coms, Industries, Cabinets de conseil\u2026 etc. Le Programme Formation-placement de RHOPEN met en ad\u00e9quation la formation technique (et pr\u00e9paration [...]","protected":false},"author":1,"featured_media":0,"parent":0,"menu_order":0,"comment_status":"closed","ping_status":"closed","template":"","meta":{"_bbp_topic_count":0,"_bbp_reply_count":0,"_bbp_total_topic_count":0,"_bbp_total_reply_count":0,"_bbp_voice_count":0,"_bbp_anonymous_reply_count":0,"_bbp_topic_count_hidden":0,"_bbp_reply_count_hidden":0,"_bbp_forum_subforum_count":0,"footnotes":""},"_links":{"self":[{"href":"https:\/\/rhopen-training.info\/fr\/wp-json\/wp\/v2\/pages\/4278"}],"collection":[{"href":"https:\/\/rhopen-training.info\/fr\/wp-json\/wp\/v2\/pages"}],"about":[{"href":"https:\/\/rhopen-training.info\/fr\/wp-json\/wp\/v2\/types\/page"}],"author":[{"embeddable":true,"href":"https:\/\/rhopen-training.info\/fr\/wp-json\/wp\/v2\/users\/1"}],"replies":[{"embeddable":true,"href":"https:\/\/rhopen-training.info\/fr\/wp-json\/wp\/v2\/comments?post=4278"}],"version-history":[{"count":20,"href":"https:\/\/rhopen-training.info\/fr\/wp-json\/wp\/v2\/pages\/4278\/revisions"}],"predecessor-version":[{"id":4903,"href":"https:\/\/rhopen-training.info\/fr\/wp-json\/wp\/v2\/pages\/4278\/revisions\/4903"}],"wp:attachment":[{"href":"https:\/\/rhopen-training.info\/fr\/wp-json\/wp\/v2\/media?parent=4278"}],"curies":[{"name":"wp","href":"https:\/\/api.w.org\/{rel}","templated":true}]}}