{"id":3622,"date":"2019-11-30T10:30:20","date_gmt":"2019-11-30T10:30:20","guid":{"rendered":"https:\/\/rhopen-training.info\/?page_id=3622"},"modified":"2020-07-24T08:02:49","modified_gmt":"2020-07-24T08:02:49","slug":"certifications","status":"publish","type":"page","link":"https:\/\/rhopen-training.info\/fr\/certifications\/","title":{"rendered":"CERTIFICATIONS"},"content":{"rendered":"<div class=\"vc_row wpb_row vc_row-fluid\" ><div class=\"wpb_column vc_column_container vc_col-sm-12\"><div class=\"vc_column-inner\"><div class=\"wpb_wrapper\"><div class=\"eltdf-course-list-holder eltdf-grid-list eltdf-disable-bottom-space clearfix eltdf-cl-gallery eltdf-three-columns eltdf-huge-space eltdf-cl-standard eltdf-cl-pag-no-pagination  eltdf-cl-has-filter-category\"  data-number-of-columns=\"three\" data-space-between-items=\"huge\" data-number-of-items=\"-1\" data-enable-image=\"yes\" data-image-proportions=\"full\" data-category=\"cisco\" data-orderby=\"date\" data-order=\"ASC\" data-item-layout=\"standard\" data-enable-title=\"yes\" data-title-tag=\"h4\" data-enable-instructor=\"yes\" data-enable-price=\"yes\" data-enable-excerpt=\"yes\" data-excerpt-length=\"125\" data-enable-students=\"no\" data-enable-category=\"yes\" data-category-boxed=\"yes\" data-enable-ratings=\"no\" data-pagination-type=\"no-pagination\" data-filter=\"yes\" data-filter-order-by=\"name\" data-enable-article-animation=\"no\" data-course-slider-on=\"no\" data-enable-loop=\"yes\" data-enable-autoplay=\"yes\" data-slider-speed=\"5000\" data-slider-speed-animation=\"600\" data-enable-navigation=\"yes\" data-enable-pagination=\"yes\" data-widget=\"no\" data-filter-center=\"no\" data-max-num-pages=\"0\" data-next-page=\"2\">\r\n\t\t<div class=\"eltdf-cl-filter-holder\" >\r\n\t\t<div class=\"eltdf-plf-inner\">\r\n\t\t\t\t\t<\/div>\r\n\t<\/div>\r\n\t\t<div class=\"eltdf-cl-inner eltdf-outer-space\">\r\n\t\t<article class=\"eltdf-cl-item eltdf-item-space post-3874 course type-course status-publish has-post-thumbnail hentry course-category-cisco\"  data-name=\"ccna-(cisco-certified-network-associate)\" data-date=\"\">\r\n\t<div class=\"eltdf-cl-item-inner\">\r\n\t\t<div class=\"eltdf-cli-image\">\r\n\t\t\t<img width=\"1880\" height=\"1231\" src=\"https:\/\/rhopen-training.info\/wp-content\/uploads\/2019\/11\/2-1.jpg\" class=\"attachment-full size-full wp-post-image\" alt=\"\" decoding=\"async\" srcset=\"https:\/\/rhopen-training.info\/wp-content\/uploads\/2019\/11\/2-1.jpg 1880w, https:\/\/rhopen-training.info\/wp-content\/uploads\/2019\/11\/2-1-300x196.jpg 300w, https:\/\/rhopen-training.info\/wp-content\/uploads\/2019\/11\/2-1-1024x671.jpg 1024w, https:\/\/rhopen-training.info\/wp-content\/uploads\/2019\/11\/2-1-768x503.jpg 768w, https:\/\/rhopen-training.info\/wp-content\/uploads\/2019\/11\/2-1-1536x1006.jpg 1536w, https:\/\/rhopen-training.info\/wp-content\/uploads\/2019\/11\/2-1-600x393.jpg 600w\" sizes=\"(max-width: 1880px) 100vw, 1880px\" \/>\t    \t\t<div class=\"eltdf-cli-category-holder\">\r\n\t\t\t\t\t\t\t<a itemprop=\"url\" class=\"eltdf-cli-category\" href=\"https:\/\/rhopen-training.info\/fr\/course-category\/cisco\/\">Cisco<\/a>\r\n\t\t\t\t\t<\/div>\r\n\t<\/div>\r\n<div class=\"eltdf-cli-text-holder\">\r\n\t<div class=\"eltdf-cli-text-wrapper\">\r\n\t\t<div class=\"eltdf-cli-text\">\r\n\t\t\t<div class=\"eltdf-cli-top-info\">\r\n\t\t\t\t\t<h4 itemprop=\"name\" class=\"eltdf-cli-title entry-title\" >\r\n\t<a itemprop=\"url\" href=\"https:\/\/rhopen-training.info\/fr\/course\/ccna-security\/\" target=\"_self\">\r\n\t\tCCNA (Cisco Certified Network Associate)\t<\/a>\r\n\t<\/h4>\r\n\t\t\t\t\r\n\t\t\t\t<a itemprop=\"url\" href=\"https:\/\/rhopen-training.info\/fr\/course\/ccna-security\/\">\r\n    <span class=\"eltdf-instructor-name\">\r\n       CCNA (Cisco Certified Network Associate)    <\/span>\r\n<\/a>\r\n\t\t\t\r\n\t\t\t<\/div>\r\n\t\t\t\t<p itemprop=\"description\" class=\"eltdf-cli-excerpt\">le programme CCNA est fusionn\u00e9 en un seul examen complet (200-301 CCNA) qui couvre les comp\u00e9tences de base en mati\u00e8re de r<\/p>\r\n\t\t\t<div class=\"eltdf-cli-bottom-info\">\r\n\t\t\t\t\r\n                \t\t\t\t\r\n\t\t\t\t\r\n                <div class=\"eltdf-ci-price-holder\">\r\n\t\t\t<span class=\"eltdf-ci-price-free\">\r\n        Free      <\/span>\r\n\t<\/div>\r\n\t\t\t<\/div>\r\n\t\t<\/div>\r\n\t<\/div>\r\n<\/div>\t\t<a itemprop=\"url\" class=\"eltdf-cli-link eltdf-block-drag-link\" href=\"https:\/\/rhopen-training.info\/fr\/course\/ccna-security\/\"><\/a>\r\n\t<\/div>\r\n<\/article><article class=\"eltdf-cl-item eltdf-item-space post-3499 course type-course status-publish has-post-thumbnail hentry course-category-cisco course-tag-routing-switching\"  data-name=\"ccnp-(-cisco-certified-network-professional)-enterprise-infrastructure\" data-date=\"\">\r\n\t<div class=\"eltdf-cl-item-inner\">\r\n\t\t<div class=\"eltdf-cli-image\">\r\n\t\t\t<img width=\"1880\" height=\"1231\" src=\"https:\/\/rhopen-training.info\/wp-content\/uploads\/2019\/11\/2-1.jpg\" class=\"attachment-full size-full wp-post-image\" alt=\"\" decoding=\"async\" srcset=\"https:\/\/rhopen-training.info\/wp-content\/uploads\/2019\/11\/2-1.jpg 1880w, https:\/\/rhopen-training.info\/wp-content\/uploads\/2019\/11\/2-1-300x196.jpg 300w, https:\/\/rhopen-training.info\/wp-content\/uploads\/2019\/11\/2-1-1024x671.jpg 1024w, https:\/\/rhopen-training.info\/wp-content\/uploads\/2019\/11\/2-1-768x503.jpg 768w, https:\/\/rhopen-training.info\/wp-content\/uploads\/2019\/11\/2-1-1536x1006.jpg 1536w, https:\/\/rhopen-training.info\/wp-content\/uploads\/2019\/11\/2-1-600x393.jpg 600w\" sizes=\"(max-width: 1880px) 100vw, 1880px\" \/>\t    \t\t<div class=\"eltdf-cli-category-holder\">\r\n\t\t\t\t\t\t\t<a itemprop=\"url\" class=\"eltdf-cli-category\" href=\"https:\/\/rhopen-training.info\/fr\/course-category\/cisco\/\">Cisco<\/a>\r\n\t\t\t\t\t<\/div>\r\n\t<\/div>\r\n<div class=\"eltdf-cli-text-holder\">\r\n\t<div class=\"eltdf-cli-text-wrapper\">\r\n\t\t<div class=\"eltdf-cli-text\">\r\n\t\t\t<div class=\"eltdf-cli-top-info\">\r\n\t\t\t\t\t<h4 itemprop=\"name\" class=\"eltdf-cli-title entry-title\" >\r\n\t<a itemprop=\"url\" href=\"https:\/\/rhopen-training.info\/fr\/course\/ccnp-routing-switching\/\" target=\"_self\">\r\n\t\tCCNP ( Cisco Certified Network Professional) ENTERPRISE INFRASTRUCTURE\t<\/a>\r\n\t<\/h4>\r\n\t\t\t\t\r\n\t\t\t\t<a itemprop=\"url\" href=\"https:\/\/rhopen-training.info\/fr\/course\/ccnp-routing-switching\/\">\r\n    <span class=\"eltdf-instructor-name\">\r\n       CCNP ( Cisco Certified Network Professional) ENTERPRISE INFRASTRUCTURE    <\/span>\r\n<\/a>\r\n\t\t\t\r\n\t\t\t<\/div>\r\n\t\t\t\t<p itemprop=\"description\" class=\"eltdf-cli-excerpt\">La certification CCNP &#8216;Enterprise Infrastructure&#8217; vous apprend \u00e0 planifier, impl\u00e9menter, v\u00e9rifier et d\u00e9panner<\/p>\r\n\t\t\t<div class=\"eltdf-cli-bottom-info\">\r\n\t\t\t\t\r\n                \t\t\t\t\r\n\t\t\t\t\r\n                <div class=\"eltdf-ci-price-holder\">\r\n\t\t\t<span class=\"eltdf-ci-price-free\">\r\n        Free      <\/span>\r\n\t<\/div>\r\n\t\t\t<\/div>\r\n\t\t<\/div>\r\n\t<\/div>\r\n<\/div>\t\t<a itemprop=\"url\" class=\"eltdf-cli-link eltdf-block-drag-link\" href=\"https:\/\/rhopen-training.info\/fr\/course\/ccnp-routing-switching\/\"><\/a>\r\n\t<\/div>\r\n<\/article><article class=\"eltdf-cl-item eltdf-item-space post-3497 course type-course status-publish has-post-thumbnail hentry course-category-cisco course-tag-routing-switching\"  data-name=\"ccie-(cisco-certified-internetwork-expert)-enterprise-infrastructure\" data-date=\"\">\r\n\t<div class=\"eltdf-cl-item-inner\">\r\n\t\t<div class=\"eltdf-cli-image\">\r\n\t\t\t<img width=\"1880\" height=\"1253\" src=\"https:\/\/rhopen-training.info\/wp-content\/uploads\/2019\/11\/3-1.jpg\" class=\"attachment-full size-full wp-post-image\" alt=\"\" decoding=\"async\" srcset=\"https:\/\/rhopen-training.info\/wp-content\/uploads\/2019\/11\/3-1.jpg 1880w, https:\/\/rhopen-training.info\/wp-content\/uploads\/2019\/11\/3-1-300x200.jpg 300w, https:\/\/rhopen-training.info\/wp-content\/uploads\/2019\/11\/3-1-1024x682.jpg 1024w, https:\/\/rhopen-training.info\/wp-content\/uploads\/2019\/11\/3-1-768x512.jpg 768w, https:\/\/rhopen-training.info\/wp-content\/uploads\/2019\/11\/3-1-1536x1024.jpg 1536w, https:\/\/rhopen-training.info\/wp-content\/uploads\/2019\/11\/3-1-600x400.jpg 600w\" sizes=\"(max-width: 1880px) 100vw, 1880px\" \/>\t    \t\t<div class=\"eltdf-cli-category-holder\">\r\n\t\t\t\t\t\t\t<a itemprop=\"url\" class=\"eltdf-cli-category\" href=\"https:\/\/rhopen-training.info\/fr\/course-category\/cisco\/\">Cisco<\/a>\r\n\t\t\t\t\t<\/div>\r\n\t<\/div>\r\n<div class=\"eltdf-cli-text-holder\">\r\n\t<div class=\"eltdf-cli-text-wrapper\">\r\n\t\t<div class=\"eltdf-cli-text\">\r\n\t\t\t<div class=\"eltdf-cli-top-info\">\r\n\t\t\t\t\t<h4 itemprop=\"name\" class=\"eltdf-cli-title entry-title\" >\r\n\t<a itemprop=\"url\" href=\"https:\/\/rhopen-training.info\/fr\/course\/ccie-routing-switching\/\" target=\"_self\">\r\n\t\tCCIE (Cisco Certified Internetwork Expert) ENTERPRISE INFRASTRUCTURE\t<\/a>\r\n\t<\/h4>\r\n\t\t\t\t\r\n\t\t\t\t<a itemprop=\"url\" href=\"https:\/\/rhopen-training.info\/fr\/course\/ccie-routing-switching\/\">\r\n    <span class=\"eltdf-instructor-name\">\r\n       CCIE (Cisco Certified Internetwork Expert) ENTERPRISE INFRASTRUCTURE    <\/span>\r\n<\/a>\r\n\t\t\t\r\n\t\t\t<\/div>\r\n\t\t\t\t<p itemprop=\"description\" class=\"eltdf-cli-excerpt\">Cette certification vous fournira des connaissances de haut niveau en mati\u00e8re de r\u00e9seau pour la conception, la construction<\/p>\r\n\t\t\t<div class=\"eltdf-cli-bottom-info\">\r\n\t\t\t\t\r\n                \t\t\t\t\r\n\t\t\t\t\r\n                <div class=\"eltdf-ci-price-holder\">\r\n\t\t\t<span class=\"eltdf-ci-price-free\">\r\n        Free      <\/span>\r\n\t<\/div>\r\n\t\t\t<\/div>\r\n\t\t<\/div>\r\n\t<\/div>\r\n<\/div>\t\t<a itemprop=\"url\" class=\"eltdf-cli-link eltdf-block-drag-link\" href=\"https:\/\/rhopen-training.info\/fr\/course\/ccie-routing-switching\/\"><\/a>\r\n\t<\/div>\r\n<\/article><article class=\"eltdf-cl-item eltdf-item-space post-3870 course type-course status-publish has-post-thumbnail hentry course-category-cisco\"  data-name=\"ccnp-(cisco-certified-network-professional)-security\" data-date=\"\">\r\n\t<div class=\"eltdf-cl-item-inner\">\r\n\t\t<div class=\"eltdf-cli-image\">\r\n\t\t\t<img width=\"1880\" height=\"1253\" src=\"https:\/\/rhopen-training.info\/wp-content\/uploads\/2019\/11\/1-1.jpg\" class=\"attachment-full size-full wp-post-image\" alt=\"\" decoding=\"async\" srcset=\"https:\/\/rhopen-training.info\/wp-content\/uploads\/2019\/11\/1-1.jpg 1880w, https:\/\/rhopen-training.info\/wp-content\/uploads\/2019\/11\/1-1-300x200.jpg 300w, https:\/\/rhopen-training.info\/wp-content\/uploads\/2019\/11\/1-1-1024x682.jpg 1024w, https:\/\/rhopen-training.info\/wp-content\/uploads\/2019\/11\/1-1-768x512.jpg 768w, https:\/\/rhopen-training.info\/wp-content\/uploads\/2019\/11\/1-1-1536x1024.jpg 1536w, https:\/\/rhopen-training.info\/wp-content\/uploads\/2019\/11\/1-1-600x400.jpg 600w\" sizes=\"(max-width: 1880px) 100vw, 1880px\" \/>\t    \t\t<div class=\"eltdf-cli-category-holder\">\r\n\t\t\t\t\t\t\t<a itemprop=\"url\" class=\"eltdf-cli-category\" href=\"https:\/\/rhopen-training.info\/fr\/course-category\/cisco\/\">Cisco<\/a>\r\n\t\t\t\t\t<\/div>\r\n\t<\/div>\r\n<div class=\"eltdf-cli-text-holder\">\r\n\t<div class=\"eltdf-cli-text-wrapper\">\r\n\t\t<div class=\"eltdf-cli-text\">\r\n\t\t\t<div class=\"eltdf-cli-top-info\">\r\n\t\t\t\t\t<h4 itemprop=\"name\" class=\"eltdf-cli-title entry-title\" >\r\n\t<a itemprop=\"url\" href=\"https:\/\/rhopen-training.info\/fr\/course\/ccnp-security\/\" target=\"_self\">\r\n\t\tCCNP (Cisco Certified Network Professional) SECURITY\t<\/a>\r\n\t<\/h4>\r\n\t\t\t\t\r\n\t\t\t\t<a itemprop=\"url\" href=\"https:\/\/rhopen-training.info\/fr\/course\/ccnp-security\/\">\r\n    <span class=\"eltdf-instructor-name\">\r\n       CCNP (Cisco Certified Network Professional) SECURITY    <\/span>\r\n<\/a>\r\n\t\t\t\r\n\t\t\t<\/div>\r\n\t\t\t\t<p itemprop=\"description\" class=\"eltdf-cli-excerpt\">Le programme de formation CCNP Security met l\u2019accent sur les technologies de s\u00e9curit\u00e9 fondamentales, l\u2019installation, le<\/p>\r\n\t\t\t<div class=\"eltdf-cli-bottom-info\">\r\n\t\t\t\t\r\n                \t\t\t\t\r\n\t\t\t\t\r\n                <div class=\"eltdf-ci-price-holder\">\r\n\t\t\t<span class=\"eltdf-ci-price-free\">\r\n        Free      <\/span>\r\n\t<\/div>\r\n\t\t\t<\/div>\r\n\t\t<\/div>\r\n\t<\/div>\r\n<\/div>\t\t<a itemprop=\"url\" class=\"eltdf-cli-link eltdf-block-drag-link\" href=\"https:\/\/rhopen-training.info\/fr\/course\/ccnp-security\/\"><\/a>\r\n\t<\/div>\r\n<\/article><article class=\"eltdf-cl-item eltdf-item-space post-3869 course type-course status-publish has-post-thumbnail hentry course-category-cisco\"  data-name=\"ccie-(cisco-certified-internetwork-expert)-security\" data-date=\"\">\r\n\t<div class=\"eltdf-cl-item-inner\">\r\n\t\t<div class=\"eltdf-cli-image\">\r\n\t\t\t<img width=\"1880\" height=\"1253\" src=\"https:\/\/rhopen-training.info\/wp-content\/uploads\/2019\/11\/1-1.jpg\" class=\"attachment-full size-full wp-post-image\" alt=\"\" decoding=\"async\" srcset=\"https:\/\/rhopen-training.info\/wp-content\/uploads\/2019\/11\/1-1.jpg 1880w, https:\/\/rhopen-training.info\/wp-content\/uploads\/2019\/11\/1-1-300x200.jpg 300w, https:\/\/rhopen-training.info\/wp-content\/uploads\/2019\/11\/1-1-1024x682.jpg 1024w, https:\/\/rhopen-training.info\/wp-content\/uploads\/2019\/11\/1-1-768x512.jpg 768w, https:\/\/rhopen-training.info\/wp-content\/uploads\/2019\/11\/1-1-1536x1024.jpg 1536w, https:\/\/rhopen-training.info\/wp-content\/uploads\/2019\/11\/1-1-600x400.jpg 600w\" sizes=\"(max-width: 1880px) 100vw, 1880px\" \/>\t    \t\t<div class=\"eltdf-cli-category-holder\">\r\n\t\t\t\t\t\t\t<a itemprop=\"url\" class=\"eltdf-cli-category\" href=\"https:\/\/rhopen-training.info\/fr\/course-category\/cisco\/\">Cisco<\/a>\r\n\t\t\t\t\t<\/div>\r\n\t<\/div>\r\n<div class=\"eltdf-cli-text-holder\">\r\n\t<div class=\"eltdf-cli-text-wrapper\">\r\n\t\t<div class=\"eltdf-cli-text\">\r\n\t\t\t<div class=\"eltdf-cli-top-info\">\r\n\t\t\t\t\t<h4 itemprop=\"name\" class=\"eltdf-cli-title entry-title\" >\r\n\t<a itemprop=\"url\" href=\"https:\/\/rhopen-training.info\/fr\/course\/ccie-security\/\" target=\"_self\">\r\n\t\tCCIE (Cisco Certified Internetwork Expert) SECURITY\t<\/a>\r\n\t<\/h4>\r\n\t\t\t\t\r\n\t\t\t\t<a itemprop=\"url\" href=\"https:\/\/rhopen-training.info\/fr\/course\/ccie-security\/\">\r\n    <span class=\"eltdf-instructor-name\">\r\n       CCIE (Cisco Certified Internetwork Expert) SECURITY    <\/span>\r\n<\/a>\r\n\t\t\t\r\n\t\t\t<\/div>\r\n\t\t\t\t<p itemprop=\"description\" class=\"eltdf-cli-excerpt\">Cette certification fournira aux ing\u00e9nieurs de s\u00e9curit\u00e9 les connaissances et les comp\u00e9tences n\u00e9cessaires pour concevoir,<\/p>\r\n\t\t\t<div class=\"eltdf-cli-bottom-info\">\r\n\t\t\t\t\r\n                \t\t\t\t\r\n\t\t\t\t\r\n                <div class=\"eltdf-ci-price-holder\">\r\n\t\t\t<span class=\"eltdf-ci-price-free\">\r\n        Free      <\/span>\r\n\t<\/div>\r\n\t\t\t<\/div>\r\n\t\t<\/div>\r\n\t<\/div>\r\n<\/div>\t\t<a itemprop=\"url\" class=\"eltdf-cli-link eltdf-block-drag-link\" href=\"https:\/\/rhopen-training.info\/fr\/course\/ccie-security\/\"><\/a>\r\n\t<\/div>\r\n<\/article><article class=\"eltdf-cl-item eltdf-item-space post-3490 course type-course status-publish has-post-thumbnail hentry course-category-cisco course-tag-routing-switching\"  data-name=\"ccie-(-cisco-certified-internetwork-expert)-int\u00e9gr\u00e9\" data-date=\"\">\r\n\t<div class=\"eltdf-cl-item-inner\">\r\n\t\t<div class=\"eltdf-cli-image\">\r\n\t\t\t<img width=\"1880\" height=\"1253\" src=\"https:\/\/rhopen-training.info\/wp-content\/uploads\/2019\/11\/1-1.jpg\" class=\"attachment-full size-full wp-post-image\" alt=\"\" decoding=\"async\" srcset=\"https:\/\/rhopen-training.info\/wp-content\/uploads\/2019\/11\/1-1.jpg 1880w, https:\/\/rhopen-training.info\/wp-content\/uploads\/2019\/11\/1-1-300x200.jpg 300w, https:\/\/rhopen-training.info\/wp-content\/uploads\/2019\/11\/1-1-1024x682.jpg 1024w, https:\/\/rhopen-training.info\/wp-content\/uploads\/2019\/11\/1-1-768x512.jpg 768w, https:\/\/rhopen-training.info\/wp-content\/uploads\/2019\/11\/1-1-1536x1024.jpg 1536w, https:\/\/rhopen-training.info\/wp-content\/uploads\/2019\/11\/1-1-600x400.jpg 600w\" sizes=\"(max-width: 1880px) 100vw, 1880px\" \/>\t    \t\t<div class=\"eltdf-cli-category-holder\">\r\n\t\t\t\t\t\t\t<a itemprop=\"url\" class=\"eltdf-cli-category\" href=\"https:\/\/rhopen-training.info\/fr\/course-category\/cisco\/\">Cisco<\/a>\r\n\t\t\t\t\t<\/div>\r\n\t<\/div>\r\n<div class=\"eltdf-cli-text-holder\">\r\n\t<div class=\"eltdf-cli-text-wrapper\">\r\n\t\t<div class=\"eltdf-cli-text\">\r\n\t\t\t<div class=\"eltdf-cli-top-info\">\r\n\t\t\t\t\t<h4 itemprop=\"name\" class=\"eltdf-cli-title entry-title\" >\r\n\t<a itemprop=\"url\" href=\"https:\/\/rhopen-training.info\/fr\/course\/ccie-integre\/\" target=\"_self\">\r\n\t\tCCIE ( Cisco Certified Internetwork Expert) Int\u00e9gr\u00e9\t<\/a>\r\n\t<\/h4>\r\n\t\t\t\t\r\n\t\t\t\t<a itemprop=\"url\" href=\"https:\/\/rhopen-training.info\/fr\/course\/ccie-integre\/\">\r\n    <span class=\"eltdf-instructor-name\">\r\n       CCIE ( Cisco Certified Internetwork Expert) Int\u00e9gr\u00e9    <\/span>\r\n<\/a>\r\n\t\t\t\r\n\t\t\t<\/div>\r\n\t\t\t\t<p itemprop=\"description\" class=\"eltdf-cli-excerpt\">Le CCIE int\u00e9gr\u00e9 est un programme de formation qui conduit les candidats de z\u00e9ro \u00e0 des experts en r\u00e9seau informatique. La<\/p>\r\n\t\t\t<div class=\"eltdf-cli-bottom-info\">\r\n\t\t\t\t\r\n                \t\t\t\t\r\n\t\t\t\t\r\n                <div class=\"eltdf-ci-price-holder\">\r\n\t\t\t<span class=\"eltdf-ci-price-free\">\r\n        Free      <\/span>\r\n\t<\/div>\r\n\t\t\t<\/div>\r\n\t\t<\/div>\r\n\t<\/div>\r\n<\/div>\t\t<a itemprop=\"url\" class=\"eltdf-cli-link eltdf-block-drag-link\" href=\"https:\/\/rhopen-training.info\/fr\/course\/ccie-integre\/\"><\/a>\r\n\t<\/div>\r\n<\/article>\t<\/div>\r\n\t\r\n\t<\/div><\/div><\/div><\/div><\/div>","protected":false},"excerpt":{"rendered":"Le CCIE int\u00e9gr\u00e9 est un programme de formation qui conduit les candidats de z\u00e9ro \u00e0 des experts en r\u00e9seau informatique. La plupart des professionnels qui travaillent choisissent ce programme de formation pour voler haut dans leur carri\u00e8re avec le salaire, le profil et la reconnaissance les plus \u00e9lev\u00e9s du secteur. Subscribe to course","protected":false},"author":1,"featured_media":0,"parent":0,"menu_order":0,"comment_status":"closed","ping_status":"closed","template":"","meta":{"_bbp_topic_count":0,"_bbp_reply_count":0,"_bbp_total_topic_count":0,"_bbp_total_reply_count":0,"_bbp_voice_count":0,"_bbp_anonymous_reply_count":0,"_bbp_topic_count_hidden":0,"_bbp_reply_count_hidden":0,"_bbp_forum_subforum_count":0,"footnotes":""},"_links":{"self":[{"href":"https:\/\/rhopen-training.info\/fr\/wp-json\/wp\/v2\/pages\/3622"}],"collection":[{"href":"https:\/\/rhopen-training.info\/fr\/wp-json\/wp\/v2\/pages"}],"about":[{"href":"https:\/\/rhopen-training.info\/fr\/wp-json\/wp\/v2\/types\/page"}],"author":[{"embeddable":true,"href":"https:\/\/rhopen-training.info\/fr\/wp-json\/wp\/v2\/users\/1"}],"replies":[{"embeddable":true,"href":"https:\/\/rhopen-training.info\/fr\/wp-json\/wp\/v2\/comments?post=3622"}],"version-history":[{"count":8,"href":"https:\/\/rhopen-training.info\/fr\/wp-json\/wp\/v2\/pages\/3622\/revisions"}],"predecessor-version":[{"id":8280,"href":"https:\/\/rhopen-training.info\/fr\/wp-json\/wp\/v2\/pages\/3622\/revisions\/8280"}],"wp:attachment":[{"href":"https:\/\/rhopen-training.info\/fr\/wp-json\/wp\/v2\/media?parent=3622"}],"curies":[{"name":"wp","href":"https:\/\/api.w.org\/{rel}","templated":true}]}}